
{"id":2230,"date":"2024-01-17T14:13:47","date_gmt":"2024-01-17T13:13:47","guid":{"rendered":"https:\/\/powerheat.se\/?page_id=2230"},"modified":"2024-01-17T14:13:47","modified_gmt":"2024-01-17T13:13:47","slug":"cookie-policy","status":"publish","type":"page","link":"https:\/\/powerheat.se\/sk\/zasady-pouzivania-suborov-cookie\/","title":{"rendered":"Z\u00e1sady pou\u017e\u00edvania s\u00faborov cookie"},"content":{"rendered":"","protected":false},"excerpt":{"rendered":"","protected":false},"author":3,"featured_media":0,"parent":0,"menu_order":0,"comment_status":"closed","ping_status":"closed","template":"","meta":{"_acf_changed":false,"footnotes":""},"class_list":["post-2230","page","type-page","status-publish","hentry"],"acf":[],"_links":{"self":[{"href":"https:\/\/powerheat.se\/sk\/wp-json\/wp\/v2\/pages\/2230","targetHints":{"allow":["GET"]}}],"collection":[{"href":"https:\/\/powerheat.se\/sk\/wp-json\/wp\/v2\/pages"}],"about":[{"href":"https:\/\/powerheat.se\/sk\/wp-json\/wp\/v2\/types\/page"}],"author":[{"embeddable":true,"href":"https:\/\/powerheat.se\/sk\/wp-json\/wp\/v2\/users\/3"}],"replies":[{"embeddable":true,"href":"https:\/\/powerheat.se\/sk\/wp-json\/wp\/v2\/comments?post=2230"}],"version-history":[{"count":0,"href":"https:\/\/powerheat.se\/sk\/wp-json\/wp\/v2\/pages\/2230\/revisions"}],"wp:attachment":[{"href":"https:\/\/powerheat.se\/sk\/wp-json\/wp\/v2\/media?parent=2230"}],"curies":[{"name":"wp","href":"https:\/\/api.w.org\/{rel}","templated":true}]}}