
{"id":1821,"date":"2023-12-21T08:41:27","date_gmt":"2023-12-21T07:41:27","guid":{"rendered":"https:\/\/powerheat.se\/?page_id=1821"},"modified":"2024-02-27T10:09:13","modified_gmt":"2024-02-27T09:09:13","slug":"kvalitet-och-miljo","status":"publish","type":"page","link":"https:\/\/powerheat.se\/pl\/o-nas\/jakosc-i-srodowisko\/","title":{"rendered":"Jako\u015b\u0107 i \u015brodowisko"},"content":{"rendered":"","protected":false},"excerpt":{"rendered":"","protected":false},"author":3,"featured_media":0,"parent":1815,"menu_order":0,"comment_status":"closed","ping_status":"closed","template":"","meta":{"_acf_changed":false,"footnotes":""},"class_list":["post-1821","page","type-page","status-publish","hentry"],"acf":[],"_links":{"self":[{"href":"https:\/\/powerheat.se\/pl\/wp-json\/wp\/v2\/pages\/1821","targetHints":{"allow":["GET"]}}],"collection":[{"href":"https:\/\/powerheat.se\/pl\/wp-json\/wp\/v2\/pages"}],"about":[{"href":"https:\/\/powerheat.se\/pl\/wp-json\/wp\/v2\/types\/page"}],"author":[{"embeddable":true,"href":"https:\/\/powerheat.se\/pl\/wp-json\/wp\/v2\/users\/3"}],"replies":[{"embeddable":true,"href":"https:\/\/powerheat.se\/pl\/wp-json\/wp\/v2\/comments?post=1821"}],"version-history":[{"count":0,"href":"https:\/\/powerheat.se\/pl\/wp-json\/wp\/v2\/pages\/1821\/revisions"}],"up":[{"embeddable":true,"href":"https:\/\/powerheat.se\/pl\/wp-json\/wp\/v2\/pages\/1815"}],"wp:attachment":[{"href":"https:\/\/powerheat.se\/pl\/wp-json\/wp\/v2\/media?parent=1821"}],"curies":[{"name":"wp","href":"https:\/\/api.w.org\/{rel}","templated":true}]}}